{"id":474,"date":"2025-02-12T12:42:28","date_gmt":"2025-02-12T12:42:28","guid":{"rendered":"https:\/\/fortis-defense.com\/modifikacija-automatska-puska-ak47\/"},"modified":"2025-02-13T09:33:57","modified_gmt":"2025-02-13T09:33:57","slug":"modifikacija-automatska-puska-ak47","status":"publish","type":"page","link":"https:\/\/fortis-defense.com\/hr\/modifikacija-automatska-puska-ak47\/","title":{"rendered":"Modifikacija &#8211; automatska pu\u0161ka AK47"},"content":{"rendered":"<p>[et_pb_section fb_built=&#8221;1&#8243; _builder_version=&#8221;4.27.4&#8243; _module_preset=&#8221;default&#8221; global_colors_info=&#8221;{}&#8221;][et_pb_row column_structure=&#8221;1_2,1_2&#8243; make_equal=&#8221;on&#8221; _builder_version=&#8221;4.27.4&#8243; _module_preset=&#8221;default&#8221; width=&#8221;90%&#8221; max_width=&#8221;1300px&#8221; custom_css_main_element=&#8221;align-items: center;&#8221; global_colors_info=&#8221;{}&#8221;][et_pb_column type=&#8221;1_2&#8243; _builder_version=&#8221;4.27.4&#8243; _module_preset=&#8221;default&#8221; global_colors_info=&#8221;{}&#8221;][et_pb_text _builder_version=&#8221;4.27.4&#8243; _module_preset=&#8221;default&#8221; header_font=&#8221;Roboto Condensed||||||||&#8221; header_font_size=&#8221;45px&#8221; header_line_height=&#8221;1.3em&#8221; custom_margin=&#8221;||0px||false|false&#8221; custom_padding=&#8221;||||false|false&#8221; hover_enabled=&#8221;0&#8243; header_font_size_tablet=&#8221;45px&#8221; header_font_size_phone=&#8221;30px&#8221; header_font_size_last_edited=&#8221;on|phone&#8221; header_line_height_tablet=&#8221;1.3em&#8221; header_line_height_phone=&#8221;1.1em&#8221; header_line_height_last_edited=&#8221;on|phone&#8221; global_colors_info=&#8221;{}&#8221; sticky_enabled=&#8221;0&#8243;]<\/p>\n<h1 class=\"o_title\"><strong>Modifikacija automatske pu\u0161ke AK47<\/strong><\/h1>\n<p>[\/et_pb_text][et_pb_text _builder_version=&#8221;4.27.4&#8243; _module_preset=&#8221;default&#8221; text_font=&#8221;Roboto|300|||||||&#8221; text_font_size=&#8221;16px&#8221; header_font=&#8221;Roboto Condensed||||||||&#8221; header_3_font=&#8221;Roboto Condensed|||on|||||&#8221; header_3_text_color=&#8221;#000000&#8243; header_3_font_size=&#8221;18px&#8221; header_3_line_height=&#8221;1.4em&#8221; custom_margin=&#8221;10px||10px||true|false&#8221; global_colors_info=&#8221;{}&#8221;]<\/p>\n<p data-start=\"149\" data-end=\"420\">Radi na principu plinskog pra\u017enjenja i koristi streljivo 7,62&#215;39 mm. U upotrebi su dvije verzije: jedna s fiksnim kundkom i druga sa sklopivim kundkom, pri \u010demu se ova potonja \u010de\u0161\u0107e koristi zbog pobolj\u0161ane prenosivosti i pogodnosti skladi\u0161tenja kada je sklopljena. <\/p>\n<p>[\/et_pb_text][\/et_pb_column][et_pb_column type=&#8221;1_2&#8243; _builder_version=&#8221;4.27.4&#8243; _module_preset=&#8221;default&#8221; global_colors_info=&#8221;{}&#8221;][et_pb_image src=&#8221;https:\/\/fortis-defense.com\/wp-content\/uploads\/2025\/02\/fortis-defe-se-accessories9.jpg&#8221; title_text=&#8221;fortis-defe-se-pribor9&#8243; _builder_version=&#8221;4.27.4&#8243; _module_preset=&#8221;default&#8221; global_colors_info=&#8221;{}&#8221;][\/et_pb_image][\/et_pb_column][\/et_pb_row][\/et_pb_section][et_pb_section fb_built=&#8221;1&#8243; _builder_version=&#8221;4.27.4&#8243; _module_preset=&#8221;default&#8221; background_image=&#8221;https:\/\/fortis-defense.com\/wp-content\/uploads\/2025\/01\/fortis-defense-background-image-scaled.jpg&#8221; parallax=&#8221;on&#8221; custom_padding=&#8221;5%||5%|1px|true|false&#8221; global_colors_info=&#8221;{}&#8221;][et_pb_row column_structure=&#8221;1_2,1_2&#8243; use_custom_gutter=&#8221;on&#8221; gutter_width=&#8221;2&#8243; make_equal=&#8221;on&#8221; _builder_version=&#8221;4.27.4&#8243; _module_preset=&#8221;default&#8221; width=&#8221;90%&#8221; max_width=&#8221;1300px&#8221; global_colors_info=&#8221;{}&#8221;][et_pb_column type=&#8221;1_2&#8243; _builder_version=&#8221;4.27.4&#8243; _module_preset=&#8221;default&#8221; global_colors_info=&#8221;{}&#8221;][et_pb_text _builder_version=&#8221;4.27.4&#8243; _module_preset=&#8221;default&#8221; header_font=&#8221;Roboto Condensed||||||||&#8221; header_text_color=&#8221;#FFFFFF&#8221; custom_margin=&#8221;||7px|||&#8221; global_colors_info=&#8221;{}&#8221;]<\/p>\n<h1>Komponente<\/h1>\n<p>[\/et_pb_text][et_pb_text _builder_version=&#8221;4.27.4&#8243; _module_preset=&#8221;default&#8221; text_font=&#8221;Roboto||||||||&#8221; text_text_color=&#8221;#FFFFFF&#8221; text_font_size=&#8221;16px&#8221; text_line_height=&#8221;2em&#8221; global_colors_info=&#8221;{}&#8221;]<\/p>\n<ul>\n<li>Resiver sa cijevi i kundakom<\/li>\n<li>Poklopac prijemnika<\/li>\n<li data-start=\"495\" data-end=\"512\">Povratna opruga<\/li>\n<li data-start=\"513\" data-end=\"543\">Klip s vodilicom i vijkom<\/li>\n<li data-start=\"544\" data-end=\"563\">Donji \u0161titnik za ruku<\/li>\n<li data-start=\"564\" data-end=\"576\">Plinska cijev<\/li>\n<li data-start=\"577\" data-end=\"594\">Ure\u0111aj za nju\u0161ku<\/li>\n<li data-start=\"595\" data-end=\"615\">Sklop okida\u010da<\/li>\n<\/ul>\n<p>[\/et_pb_text][\/et_pb_column][et_pb_column type=&#8221;1_2&#8243; _builder_version=&#8221;4.27.4&#8243; _module_preset=&#8221;default&#8221; global_colors_info=&#8221;{}&#8221;][et_pb_text _builder_version=&#8221;4.27.4&#8243; _module_preset=&#8221;default&#8221; text_font=&#8221;Roboto||||||||&#8221; text_text_color=&#8221;#FFFFFF&#8221; text_font_size=&#8221;16px&#8221; text_line_height=&#8221;2em&#8221; hover_enabled=&#8221;0&#8243; global_colors_info=&#8221;{}&#8221; sticky_enabled=&#8221;0&#8243;]<\/p>\n<p data-start=\"617\" data-end=\"728\">Pu\u0161ka se puni odvojivim okvirima od 30 metaka i koristi se na udaljenostima od 200-600 m sa \u017eeljeznim ni\u0161anima.<\/p>\n<p data-start=\"730\" data-end=\"838\">Rije\u010d je o robusnom i jednostavnom oru\u017eju koje uz pravilno odr\u017eavanje pouzdano funkcionira u svim uvjetima.<\/p>\n<p data-start=\"840\" data-end=\"963\">Cilj modifikacije je smanjiti te\u017einu, pobolj\u0161ati rukovanje i pove\u0107ati to\u010dnost, \u010dak i u nepovoljnim uvjetima. Na globalnom tr\u017ei\u0161tu dostupne su mnoge modifikacije, ali ve\u0107ina je dizajnirana za AK-47, kojem nedostaje ni\u0161an za granate. Kao rezultat toga, dijelovi namijenjeni modifikacijama AK-47 nisu kompatibilni s AK47 jugoslavenske proizvodnje.  <\/p>\n<p data-start=\"1194\" data-end=\"1345\" data-is-last-node=\"\">Oru\u017earska radionica MNZ-a sura\u0111ivala je sa slovenskim proizvo\u0111a\u010dima na modificiranju AK47 bez potrebe za mehani\u010dkim izmjenama samog oru\u017eja.<br \/><span>Me\u0111utim, postoje\u0107i dijelovi zamijenjeni su novim i modificiranim kako bi se prilagodili ure\u0111ajima za ciljanje, rukohvatima i takti\u010dkim svjetiljkama, a istovremeno se smanjuje trzaj oru\u017eja tijekom upotrebe.<\/span><\/p>\n<p>[\/et_pb_text][\/et_pb_column][\/et_pb_row][\/et_pb_section][et_pb_section fb_built=&#8221;1&#8243; _builder_version=&#8221;4.27.4&#8243; _module_preset=&#8221;default&#8221; global_colors_info=&#8221;{}&#8221;][et_pb_row column_structure=&#8221;1_3,2_3&#8243; make_equal=&#8221;on&#8221; _builder_version=&#8221;4.27.4&#8243; _module_preset=&#8221;default&#8221; width=&#8221;90%&#8221; max_width=&#8221;1300px&#8221; custom_css_main_element=&#8221;align-items: center;&#8221; global_colors_info=&#8221;{}&#8221;][et_pb_column type=&#8221;1_3&#8243; _builder_version=&#8221;4.27.4&#8243; _module_preset=&#8221;default&#8221; global_colors_info=&#8221;{}&#8221;][et_pb_text _builder_version=&#8221;4.27.4&#8243; _module_preset=&#8221;default&#8221; text_font=&#8221;Roboto|300|||||||&#8221; text_font_size=&#8221;16px&#8221; header_font=&#8221;Roboto Condensed||||||||&#8221; header_3_font=&#8221;Roboto Condensed|||on|||||&#8221; header_3_text_color=&#8221;#000000&#8243; header_3_font_size=&#8221;18px&#8221; header_3_line_height=&#8221;1.4em&#8221; custom_margin=&#8221;10px||10px||true|false&#8221; global_colors_info=&#8221;{}&#8221;]<\/p>\n<p data-start=\"187\" data-end=\"218\">Dijelovi koje treba zamijeniti su:<\/p>\n<ul data-start=\"219\" data-end=\"286\">\n<li data-start=\"219\" data-end=\"228\">Zaliha<\/li>\n<li data-start=\"229\" data-end=\"247\">Poklopac prijemnika<\/li>\n<li data-start=\"248\" data-end=\"267\">Donji \u0161titnik za ruku<\/li>\n<li data-start=\"268\" data-end=\"286\">Poklopac plinske cijevi<\/li>\n<\/ul>\n<p data-start=\"288\" data-end=\"512\" data-is-last-node=\"\">Sklopivi kundak se uklanja i zamjenjuje teleskopskim kundkom koji je pri\u010dvr\u0161\u0107en vijkom. Kundak je izra\u0111en od aluminija, dok je produ\u017eni kundak izra\u0111en od oja\u010dane plastike, \u0161to omogu\u0107uje pode\u0161avanje duljine. <\/p>\n<p>[\/et_pb_text][\/et_pb_column][et_pb_column type=&#8221;2_3&#8243; _builder_version=&#8221;4.27.4&#8243; _module_preset=&#8221;default&#8221; global_colors_info=&#8221;{}&#8221;][et_pb_image src=&#8221;https:\/\/fortis-defense.com\/wp-content\/uploads\/2025\/02\/fortis-accessiries-.jpg&#8221; title_text=&#8221;fortis pribor&#8221; _builder_version=&#8221;4.27.4&#8243; _module_preset=&#8221;default&#8221; global_colors_info=&#8221;{}&#8221;][\/et_pb_image][\/et_pb_column][\/et_pb_row][et_pb_row column_structure=&#8221;1_2,1_2&#8243; _builder_version=&#8221;4.27.4&#8243; _module_preset=&#8221;default&#8221; width=&#8221;90%&#8221; max_width=&#8221;1300px&#8221; custom_margin=&#8221;||0px||false|false&#8221; custom_padding=&#8221;||0px||false|false&#8221; global_colors_info=&#8221;{}&#8221;][et_pb_column type=&#8221;1_2&#8243; _builder_version=&#8221;4.27.4&#8243; _module_preset=&#8221;default&#8221; global_colors_info=&#8221;{}&#8221;][et_pb_text _builder_version=&#8221;4.27.4&#8243; _module_preset=&#8221;default&#8221; text_font=&#8221;Roboto|300|||||||&#8221; text_font_size=&#8221;16px&#8221; header_font=&#8221;Roboto Condensed||||||||&#8221; header_3_font=&#8221;Roboto Condensed|||on|||||&#8221; header_3_text_color=&#8221;#000000&#8243; header_3_font_size=&#8221;18px&#8221; header_3_line_height=&#8221;1.4em&#8221; custom_margin=&#8221;10px||10px||true|false&#8221; global_colors_info=&#8221;{}&#8221;]<\/p>\n<p data-start=\"0\" data-end=\"205\">To ga \u010dini prikladnim za korisnike svih veli\u010dina. Budu\u0107i da su kundak i oru\u017eje poravnati, to omogu\u0107uje lak\u0161e manevriranje i ni\u0161anjenje. Priklju\u010dak remena nalazi se na donjoj strani cijevi kundaka.  <\/p>\n<p data-start=\"207\" data-end=\"492\" data-is-last-node=\"\">Poklopac prijemnika zamjenjuje se novim uklanjanjem mehani\u010dkog ni\u0161ana i opru\u017ene plo\u010de. Na postoje\u0107u strukturu pri\u010dvr\u0161\u0107uje se novi nosa\u010d, koji tako\u0111er u\u010dvr\u0161\u0107uje prednji dio poklopca prijamnika. Stra\u017enji priklju\u010dak ostaje nepromijenjen i na mjestu ga dr\u017ei povratna opruga.  <\/p>\n<p>[\/et_pb_text][\/et_pb_column][et_pb_column type=&#8221;1_2&#8243; _builder_version=&#8221;4.27.4&#8243; _module_preset=&#8221;default&#8221; global_colors_info=&#8221;{}&#8221;][et_pb_text _builder_version=&#8221;4.27.4&#8243; _module_preset=&#8221;default&#8221; text_font=&#8221;Roboto|300|||||||&#8221; text_font_size=&#8221;16px&#8221; header_font=&#8221;Roboto Condensed||||||||&#8221; header_3_font=&#8221;Roboto Condensed|||on|||||&#8221; header_3_text_color=&#8221;#000000&#8243; header_3_font_size=&#8221;18px&#8221; header_3_line_height=&#8221;1.4em&#8221; custom_margin=&#8221;10px||10px||true|false&#8221; global_colors_info=&#8221;{}&#8221;]<\/p>\n<p data-start=\"0\" data-end=\"277\">Poklopac je izra\u0111en od strojno obra\u0111enog aluminija i dolazi s unaprijed instaliranim Picatinny nosa\u010dem (MIL-STD-1913). Na nosa\u010d je pri\u010dvr\u0161\u0107en mehani\u010dki ni\u0161an koji zamjenjuje prethodno uklonjeni. Ovo se koristi kao rezerva u slu\u010daju da ure\u0111aj za ciljanje zaka\u017ee, \u0161to omogu\u0107uje precizno ciljanje.  <\/p>\n<p data-start=\"279\" data-end=\"407\">Donji rukohvat se uklanja i zamjenjuje obra\u0111enim aluminijskim. Ima to\u010dke za pri\u010dvr\u0161\u0107ivanje na dnu i sa strane. <\/p>\n<p data-start=\"409\" data-end=\"591\" data-is-last-node=\"\">Plinska cijev ostaje ista, ali se drveni poklopac okre\u0107e za 180 stupnjeva i potom uklanja. Umetne se novi poklopac i u\u010dvrsti vijcima koji su ugra\u0111eni u sam \u0161titnik. <\/p>\n<p>[\/et_pb_text][\/et_pb_column][\/et_pb_row][et_pb_row column_structure=&#8221;1_2,1_2&#8243; _builder_version=&#8221;4.27.4&#8243; _module_preset=&#8221;default&#8221; width=&#8221;90%&#8221; max_width=&#8221;1300px&#8221; custom_margin=&#8221;0px||0px||false|false&#8221; custom_padding=&#8221;0px||0px||false|false&#8221; global_colors_info=&#8221;{}&#8221;][et_pb_column type=&#8221;1_2&#8243; _builder_version=&#8221;4.27.4&#8243; _module_preset=&#8221;default&#8221; global_colors_info=&#8221;{}&#8221;][et_pb_text _builder_version=&#8221;4.27.4&#8243; _module_preset=&#8221;default&#8221; text_font=&#8221;Roboto|300|||||||&#8221; text_font_size=&#8221;16px&#8221; header_font=&#8221;Roboto Condensed||||||||&#8221; header_3_font=&#8221;Roboto Condensed|||on|||||&#8221; header_3_text_color=&#8221;#000000&#8243; header_3_font_size=&#8221;18px&#8221; header_3_line_height=&#8221;1.4em&#8221; custom_margin=&#8221;10px||10px||true|false&#8221; global_colors_info=&#8221;{}&#8221;]<\/p>\n<p data-start=\"0\" data-end=\"143\">Vodilica zatvara\u010da ima rupu kroz koju se uvr\u0107e dr\u017ea\u010d remena, \u0161to omogu\u0107uje da oru\u017ejem rukuju i ljevoruki i de\u0161njaci.<\/p>\n<h3 data-start=\"145\" data-end=\"163\">Pribor:<\/h3>\n<p data-start=\"164\" data-end=\"460\">Sve to\u010dke pri\u010dvr\u0161\u0107ivanja mogu primiti razne dodatke koji pove\u0107avaju upotrebljivost i performanse. U ovom slu\u010daju je dodan rukohvat za lak\u0161e rukovanje, zajedno sa svjetiljkom postavljenom sa strane. Naprava za ni\u0161anjenje mo\u017ee se lako postaviti prema veli\u010dini i \u017eelji strijelca.  <\/p>\n<p data-start=\"462\" data-end=\"517\">Dodana je i remen za no\u0161enje u tri to\u010dke.<\/p>\n<p data-start=\"519\" data-end=\"675\">Unato\u010d ovim izmjenama, funkcionalnost oru\u017eja ostaje nepromijenjena. Me\u0111utim, svi dodaci i zamjene pobolj\u0161avaju rukovanje i jednostavnost rada. <\/p>\n<p>[\/et_pb_text][\/et_pb_column][et_pb_column type=&#8221;1_2&#8243; _builder_version=&#8221;4.27.4&#8243; _module_preset=&#8221;default&#8221; global_colors_info=&#8221;{}&#8221;][et_pb_text _builder_version=&#8221;4.27.4&#8243; _module_preset=&#8221;default&#8221; text_font=&#8221;Roboto|300|||||||&#8221; text_font_size=&#8221;16px&#8221; header_font=&#8221;Roboto Condensed||||||||&#8221; header_3_font=&#8221;Roboto Condensed|||on|||||&#8221; header_3_text_color=&#8221;#000000&#8243; header_3_font_size=&#8221;18px&#8221; header_3_line_height=&#8221;1.4em&#8221; custom_margin=&#8221;10px||10px||true|false&#8221; hover_enabled=&#8221;0&#8243; global_colors_info=&#8221;{}&#8221; sticky_enabled=&#8221;0&#8243;]<\/p>\n<p data-start=\"0\" data-end=\"239\">Oru\u017earska radionica MNZ-a ispalila je 10.000 metaka modificiranim AP M70. Tijekom testiranja utvr\u0111eno je da je trzaj pu\u0161ke smanjen za otprilike 20% do 30%, a skupina pucanja na udaljenosti od 100 metara nije prelazila 100 mm. <\/p>\n<p data-start=\"432\" data-end=\"511\" data-is-last-node=\"\">Ni\u0161anska sprava, svjetiljka, rukohvat i dijelovi plasti\u010dnog kundaka su iz uvoza.<\/p>\n<p>[\/et_pb_text][\/et_pb_column][\/et_pb_row][\/et_pb_section][et_pb_section fb_built=&#8221;1&#8243; _builder_version=&#8221;4.27.4&#8243; _module_preset=&#8221;default&#8221; background_color=&#8221;#f4f4f4&#8243; global_colors_info=&#8221;{}&#8221;][et_pb_row _builder_version=&#8221;4.27.4&#8243; _module_preset=&#8221;default&#8221; width=&#8221;90%&#8221; max_width=&#8221;1300px&#8221; global_colors_info=&#8221;{}&#8221;][et_pb_column type=&#8221;4_4&#8243; _builder_version=&#8221;4.27.4&#8243; _module_preset=&#8221;default&#8221; global_colors_info=&#8221;{}&#8221;][et_pb_text _builder_version=&#8221;4.27.4&#8243; _module_preset=&#8221;default&#8221; header_font=&#8221;Roboto Condensed||||||||&#8221; header_font_size=&#8221;45px&#8221; header_line_height=&#8221;1.3em&#8221; custom_margin=&#8221;||-16px||false|false&#8221; custom_padding=&#8221;||||false|false&#8221; header_font_size_tablet=&#8221;45px&#8221; header_font_size_phone=&#8221;30px&#8221; header_font_size_last_edited=&#8221;on|phone&#8221; header_line_height_tablet=&#8221;1.3em&#8221; header_line_height_phone=&#8221;1.1em&#8221; header_line_height_last_edited=&#8221;on|phone&#8221; global_colors_info=&#8221;{}&#8221;]<\/p>\n<h1 class=\"o_title\">Galerija<\/h1>\n<p>[\/et_pb_text][\/et_pb_column][\/et_pb_row][et_pb_row _builder_version=&#8221;4.27.4&#8243; _module_preset=&#8221;default&#8221; width=&#8221;90%&#8221; max_width=&#8221;1300px&#8221; global_colors_info=&#8221;{}&#8221;][et_pb_column type=&#8221;4_4&#8243; _builder_version=&#8221;4.27.4&#8243; _module_preset=&#8221;default&#8221; global_colors_info=&#8221;{}&#8221;][dsm_masonry_gallery gallery_ids=&#8221;411,409,407,405,379,381,383,385,389,393,373,371,361,359,363&#8243; lazyload=&#8221;on&#8221; dsm_sort_images=&#8221;off&#8221; columns=&#8221;5&#8243; gutter=&#8221;5&#8243; use_overlay=&#8221;on&#8221; overlay_title=&#8221;off&#8221; overlay_caption=&#8221;off&#8221; overlay_description=&#8221;off&#8221; use_lightbox=&#8221;on&#8221; lightbox_img_sizes=&#8221;medium&#8221; lightbox_title=&#8221;off&#8221; lightbox_caption=&#8221;off&#8221; overlay_color=&#8221;rgba(0,0,0,0.29)&#8221; use_zoom_on_hover=&#8221;on&#8221; columns_tablet=&#8221;4&#8243; columns_phone=&#8221;2&#8243; columns_last_edited=&#8221;on|phone&#8221; _builder_version=&#8221;4.27.4&#8243; _module_preset=&#8221;default&#8221; global_colors_info=&#8221;{}&#8221;][\/dsm_masonry_gallery][\/et_pb_column][\/et_pb_row][\/et_pb_section]<\/p>\n","protected":false},"excerpt":{"rendered":"<p>Modifikacija automatske pu\u0161ke AK47Radi na principu plinskog pra\u017enjenja i koristi streljivo 7,62&#215;39 mm. U upotrebi su dvije verzije: jedna s fiksnim kundkom i druga sa sklopivim kundkom, pri \u010demu se ova potonja \u010de\u0161\u0107e koristi zbog pobolj\u0161ane prenosivosti i pogodnosti skladi\u0161tenja kada je sklopljena. Komponente Resiver sa cijevi i kundakom Poklopac prijemnika Povratna opruga Klip s vodilicom i vijkom Donji \u0161titnik za ruku Plinska cijev Ure\u0111aj za nju\u0161ku Sklop okida\u010da Pu\u0161ka se puni odvojivim okvirima od 30 metaka i koristi se na udaljenostima od 200-600 m sa \u017eeljeznim ni\u0161anima. Rije\u010d je o robusnom i jednostavnom oru\u017eju koje uz pravilno odr\u017eavanje pouzdano funkcionira u svim uvjetima. Cilj modifikacije je smanjiti te\u017einu, pobolj\u0161ati rukovanje i pove\u0107ati to\u010dnost, \u010dak i u nepovoljnim uvjetima. Na globalnom tr\u017ei\u0161tu dostupne su mnoge modifikacije, ali ve\u0107ina je dizajnirana za AK-47, kojem nedostaje ni\u0161an za granate. Kao rezultat toga, dijelovi namijenjeni modifikacijama AK-47 nisu kompatibilni s AK47 jugoslavenske proizvodnje. Oru\u017earska radionica MNZ-a sura\u0111ivala je sa slovenskim proizvo\u0111a\u010dima na modificiranju AK47 bez potrebe za mehani\u010dkim izmjenama samog oru\u017eja.Me\u0111utim, postoje\u0107i dijelovi zamijenjeni su novim i modificiranim kako bi se prilagodili ure\u0111ajima za ciljanje, rukohvatima i takti\u010dkim svjetiljkama, a istovremeno se smanjuje trzaj oru\u017eja tijekom upotrebe.Dijelovi koje treba zamijeniti su: Zaliha Poklopac [&hellip;]<\/p>\n","protected":false},"author":1,"featured_media":0,"parent":0,"menu_order":0,"comment_status":"closed","ping_status":"closed","template":"","meta":{"_et_pb_use_builder":"on","_et_pb_old_content":"","_et_gb_content_width":"","footnotes":""},"class_list":["post-474","page","type-page","status-publish","hentry"],"_links":{"self":[{"href":"https:\/\/fortis-defense.com\/hr\/wp-json\/wp\/v2\/pages\/474","targetHints":{"allow":["GET"]}}],"collection":[{"href":"https:\/\/fortis-defense.com\/hr\/wp-json\/wp\/v2\/pages"}],"about":[{"href":"https:\/\/fortis-defense.com\/hr\/wp-json\/wp\/v2\/types\/page"}],"author":[{"embeddable":true,"href":"https:\/\/fortis-defense.com\/hr\/wp-json\/wp\/v2\/users\/1"}],"replies":[{"embeddable":true,"href":"https:\/\/fortis-defense.com\/hr\/wp-json\/wp\/v2\/comments?post=474"}],"version-history":[{"count":4,"href":"https:\/\/fortis-defense.com\/hr\/wp-json\/wp\/v2\/pages\/474\/revisions"}],"predecessor-version":[{"id":496,"href":"https:\/\/fortis-defense.com\/hr\/wp-json\/wp\/v2\/pages\/474\/revisions\/496"}],"wp:attachment":[{"href":"https:\/\/fortis-defense.com\/hr\/wp-json\/wp\/v2\/media?parent=474"}],"curies":[{"name":"wp","href":"https:\/\/api.w.org\/{rel}","templated":true}]}}