{"id":468,"date":"2025-02-12T13:12:44","date_gmt":"2025-02-12T13:12:44","guid":{"rendered":"https:\/\/fortis-defense.com\/ghi-dad-zamka-za-metke\/"},"modified":"2025-02-13T09:08:36","modified_gmt":"2025-02-13T09:08:36","slug":"ghi-dad-zamka-za-metke","status":"publish","type":"page","link":"https:\/\/fortis-defense.com\/hr\/ghi-dad-zamka-za-metke\/","title":{"rendered":"GHI-DAD zamka za metke"},"content":{"rendered":"<p>[et_pb_section fb_built=&#8221;1&#8243; _builder_version=&#8221;4.27.4&#8243; _module_preset=&#8221;default&#8221; global_colors_info=&#8221;{}&#8221; theme_builder_area=&#8221;post_content&#8221;][et_pb_row column_structure=&#8221;1_2,1_2&#8243; make_equal=&#8221;on&#8221; _builder_version=&#8221;4.27.4&#8243; _module_preset=&#8221;default&#8221; width=&#8221;90%&#8221; max_width=&#8221;1300px&#8221; custom_css_main_element=&#8221;align-items: center;&#8221; global_colors_info=&#8221;{}&#8221; theme_builder_area=&#8221;post_content&#8221;][et_pb_column type=&#8221;1_2&#8243; _builder_version=&#8221;4.27.4&#8243; _module_preset=&#8221;default&#8221; global_colors_info=&#8221;{}&#8221; theme_builder_area=&#8221;post_content&#8221;][et_pb_text _builder_version=&#8221;4.27.4&#8243; _module_preset=&#8221;default&#8221; header_font=&#8221;Roboto Condensed||||||||&#8221; header_font_size=&#8221;45px&#8221; header_line_height=&#8221;1.3em&#8221; custom_margin=&#8221;||0px||false|false&#8221; custom_padding=&#8221;||||false|false&#8221; hover_enabled=&#8221;0&#8243; header_font_size_tablet=&#8221;45px&#8221; header_font_size_phone=&#8221;30px&#8221; header_font_size_last_edited=&#8221;on|phone&#8221; header_line_height_tablet=&#8221;1.3em&#8221; header_line_height_phone=&#8221;1.1em&#8221; header_line_height_last_edited=&#8221;on|phone&#8221; global_colors_info=&#8221;{}&#8221; theme_builder_area=&#8221;post_content&#8221; sticky_enabled=&#8221;0&#8243;]<\/p>\n<h1 class=\"o_title\"><strong>GHI-DAD zamka za metke<\/strong><\/h1>\n<p>[\/et_pb_text][et_pb_text _builder_version=&#8221;4.27.4&#8243; _module_preset=&#8221;default&#8221; text_font=&#8221;Roboto|300|||||||&#8221; text_font_size=&#8221;16px&#8221; header_font=&#8221;Roboto Condensed||||||||&#8221; header_3_font=&#8221;Roboto Condensed|||on|||||&#8221; header_3_text_color=&#8221;#000000&#8243; header_3_font_size=&#8221;18px&#8221; header_3_line_height=&#8221;1.4em&#8221; custom_margin=&#8221;10px||10px||true|false&#8221; hover_enabled=&#8221;0&#8243; global_colors_info=&#8221;{}&#8221; theme_builder_area=&#8221;post_content&#8221; sticky_enabled=&#8221;0&#8243;]<\/p>\n<p data-start=\"48\" data-end=\"147\">DAD zamka za punjenje i pra\u017enjenje metaka je prijenosni ure\u0111aj, koji zahtijeva malo mjesta, a pogodan je za provjeru jesu li pi\u0161tolji ili pu\u0161ke napunjeni, uz odgovaraju\u0107e pridr\u017eavanje pravila upravljanja oru\u017ejem.<\/p>\n<p>[\/et_pb_text][\/et_pb_column][et_pb_column type=&#8221;1_2&#8243; _builder_version=&#8221;4.27.4&#8243; _module_preset=&#8221;default&#8221; global_colors_info=&#8221;{}&#8221; theme_builder_area=&#8221;post_content&#8221;][et_pb_image src=&#8221;https:\/\/fortis-defense.com\/wp-content\/uploads\/2025\/02\/1fortis-defe-se-accessories1.jpg&#8221; title_text=&#8221;1fortis-defe-se-pribor1&#8243; _builder_version=&#8221;4.27.4&#8243; _module_preset=&#8221;default&#8221; hover_enabled=&#8221;0&#8243; global_colors_info=&#8221;{}&#8221; theme_builder_area=&#8221;post_content&#8221; sticky_enabled=&#8221;0&#8243;][\/et_pb_image][\/et_pb_column][\/et_pb_row][\/et_pb_section][et_pb_section fb_built=&#8221;1&#8243; _builder_version=&#8221;4.27.4&#8243; _module_preset=&#8221;default&#8221; background_image=&#8221;https:\/\/fortis-defense.com\/wp-content\/uploads\/2025\/01\/fortis-defense-background-image-scaled.jpg&#8221; parallax=&#8221;on&#8221; custom_padding=&#8221;5%||5%|1px|true|false&#8221; global_colors_info=&#8221;{}&#8221; theme_builder_area=&#8221;post_content&#8221;][et_pb_row column_structure=&#8221;1_2,1_2&#8243; use_custom_gutter=&#8221;on&#8221; gutter_width=&#8221;2&#8243; make_equal=&#8221;on&#8221; _builder_version=&#8221;4.27.4&#8243; _module_preset=&#8221;default&#8221; width=&#8221;90%&#8221; max_width=&#8221;1300px&#8221; global_colors_info=&#8221;{}&#8221; theme_builder_area=&#8221;post_content&#8221;][et_pb_column type=&#8221;1_2&#8243; _builder_version=&#8221;4.27.4&#8243; _module_preset=&#8221;default&#8221; global_colors_info=&#8221;{}&#8221; theme_builder_area=&#8221;post_content&#8221;][et_pb_text _builder_version=&#8221;4.27.4&#8243; _module_preset=&#8221;default&#8221; text_font=&#8221;Roboto||||||||&#8221; text_text_color=&#8221;#FFFFFF&#8221; text_font_size=&#8221;16px&#8221; text_line_height=&#8221;2em&#8221; hover_enabled=&#8221;0&#8243; global_colors_info=&#8221;{}&#8221; theme_builder_area=&#8221;post_content&#8221; sticky_enabled=&#8221;0&#8243;]<\/p>\n<p>Kalibri kojima smo testirali izdr\u017eljivost<br \/>DAD Bullet trap:<\/p>\n<p>\u2022 7,65*17 mm pi\u0161tolj Browing R78<br \/> \u2022 pi\u0161tolj 9*18 mm PA 63<br \/> \u2022 pi\u0161tolj 9*19 mm 96M P9RC<br \/> \u2022 Pu\u0161ka 43 M AMD-65 7,62 * 39 mm<br \/> \u2022 43 M AMP-69 pu\u0161ka 7,62 * 39 mm<br \/> \u2022 5,56\u00d745 mm NATO pu\u0161ka<br \/> \u2022 .223 Remington pu\u0161ka<br \/> \u2022 7,62&#215;51 mm NATO pu\u0161ka<br \/> \u2022 .308 Winchester pu\u0161ka<br \/> \u2022 12\/70 sa\u010dmarica Mossberg 500<\/p>\n<p>[\/et_pb_text][\/et_pb_column][et_pb_column type=&#8221;1_2&#8243; _builder_version=&#8221;4.27.4&#8243; _module_preset=&#8221;default&#8221; global_colors_info=&#8221;{}&#8221; theme_builder_area=&#8221;post_content&#8221;][et_pb_text _builder_version=&#8221;4.27.4&#8243; _module_preset=&#8221;default&#8221; text_font=&#8221;Roboto||||||||&#8221; text_text_color=&#8221;#FFFFFF&#8221; text_font_size=&#8221;16px&#8221; text_line_height=&#8221;2em&#8221; hover_enabled=&#8221;0&#8243; global_colors_info=&#8221;{}&#8221; theme_builder_area=&#8221;post_content&#8221; sticky_enabled=&#8221;0&#8243;]<\/p>\n<p>DAD ure\u0111aj radi poput vrtlog bubnja, upija nezdrave, ne\u017eeljene i okoli\u0161no \u0161tetne \u010dimbenike pucnjave. Osloba\u0111a i korisnika oru\u017eja i njegovu okolinu od \u0161tetnih u\u010dinaka hica osim ne\u0161to slu\u010dajne pra\u0161ine od baruta. <\/p>\n<p>[\/et_pb_text][et_pb_text _builder_version=&#8221;4.27.4&#8243; _module_preset=&#8221;default&#8221; text_font=&#8221;Roboto||||||||&#8221; text_text_color=&#8221;#FFFFFF&#8221; text_font_size=&#8221;16px&#8221; text_line_height=&#8221;2em&#8221; hover_enabled=&#8221;0&#8243; global_colors_info=&#8221;{}&#8221; theme_builder_area=&#8221;post_content&#8221; sticky_enabled=&#8221;0&#8243;]<\/p>\n<p data-start=\"617\" data-end=\"728\">Zamka tipa DAD funkcionira kao mobilna oprema u okru\u017eenju posebnih skupina i postrojbi na siguran na\u010din, uz po\u0161tivanje pravila uporabe oru\u017eja. Oprema se mo\u017ee koristiti u razli\u010ditim podru\u010djima kao \u0161to su oru\u017eane snage, tijela za provo\u0111enje zakona, sigurnosna tijela, poligoni i njihovi razli\u010diti dijelovi, financijske institucije, slu\u017ebeni laboratoriji itd. za deaktiviranje \u0161tetnih \u010dimbenika pucanja. DAD zamka za metke sposobna je provjeriti klirens do 5000 cijevi energije Joule oru\u017eja.  <\/p>\n<p>[\/et_pb_text][\/et_pb_column][\/et_pb_row][\/et_pb_section][et_pb_section fb_built=&#8221;1&#8243; theme_builder_area=&#8221;post_content&#8221; _builder_version=&#8221;4.27.4&#8243; _module_preset=&#8221;default&#8221;][et_pb_row _builder_version=&#8221;4.27.4&#8243; _module_preset=&#8221;default&#8221; theme_builder_area=&#8221;post_content&#8221; width=&#8221;90%&#8221; max_width=&#8221;1300px&#8221; hover_enabled=&#8221;0&#8243; sticky_enabled=&#8221;0&#8243;][et_pb_column _builder_version=&#8221;4.27.4&#8243; _module_preset=&#8221;default&#8221; type=&#8221;4_4&#8243; theme_builder_area=&#8221;post_content&#8221;][et_pb_image src=&#8221;https:\/\/fortis-defense.com\/wp-content\/uploads\/2025\/02\/FORTIS-BULLET-TRAP.jpg&#8221; _builder_version=&#8221;4.27.4&#8243; _module_preset=&#8221;default&#8221; theme_builder_area=&#8221;post_content&#8221; title_text=&#8221;FORTIS-ZAMKA ZA METKE&#8221; hover_enabled=&#8221;0&#8243; sticky_enabled=&#8221;0&#8243;][\/et_pb_image][\/et_pb_column][\/et_pb_row][\/et_pb_section][et_pb_section fb_built=&#8221;1&#8243; _builder_version=&#8221;4.27.4&#8243; _module_preset=&#8221;default&#8221; background_color=&#8221;#f4f4f4&#8243; global_colors_info=&#8221;{}&#8221; theme_builder_area=&#8221;post_content&#8221;][et_pb_row _builder_version=&#8221;4.27.4&#8243; _module_preset=&#8221;default&#8221; width=&#8221;90%&#8221; max_width=&#8221;1300px&#8221; global_colors_info=&#8221;{}&#8221; theme_builder_area=&#8221;post_content&#8221;][et_pb_column type=&#8221;4_4&#8243; _builder_version=&#8221;4.27.4&#8243; _module_preset=&#8221;default&#8221; global_colors_info=&#8221;{}&#8221; theme_builder_area=&#8221;post_content&#8221;][et_pb_text _builder_version=&#8221;4.27.4&#8243; _module_preset=&#8221;default&#8221; header_font=&#8221;Roboto Condensed||||||||&#8221; header_font_size=&#8221;45px&#8221; header_line_height=&#8221;1.3em&#8221; custom_margin=&#8221;||-16px||false|false&#8221; custom_padding=&#8221;||||false|false&#8221; header_font_size_tablet=&#8221;45px&#8221; header_font_size_phone=&#8221;30px&#8221; header_font_size_last_edited=&#8221;on|phone&#8221; header_line_height_tablet=&#8221;1.3em&#8221; header_line_height_phone=&#8221;1.1em&#8221; header_line_height_last_edited=&#8221;on|phone&#8221; global_colors_info=&#8221;{}&#8221; theme_builder_area=&#8221;post_content&#8221;]<\/p>\n<h1 class=\"o_title\">Galerija<\/h1>\n<p>[\/et_pb_text][\/et_pb_column][\/et_pb_row][et_pb_row _builder_version=&#8221;4.27.4&#8243; _module_preset=&#8221;default&#8221; width=&#8221;90%&#8221; max_width=&#8221;1300px&#8221; global_colors_info=&#8221;{}&#8221; theme_builder_area=&#8221;post_content&#8221;][et_pb_column type=&#8221;4_4&#8243; _builder_version=&#8221;4.27.4&#8243; _module_preset=&#8221;default&#8221; global_colors_info=&#8221;{}&#8221; theme_builder_area=&#8221;post_content&#8221;][dsm_masonry_gallery lazyload=&#8221;on&#8221; dsm_sort_images=&#8221;off&#8221; gutter=&#8221;5&#8243; use_overlay=&#8221;on&#8221; overlay_title=&#8221;off&#8221; overlay_caption=&#8221;off&#8221; overlay_description=&#8221;off&#8221; use_lightbox=&#8221;on&#8221; lightbox_img_sizes=&#8221;medium&#8221; lightbox_title=&#8221;off&#8221; lightbox_caption=&#8221;off&#8221; overlay_color=&#8221;rgba(0,0,0,0.29)&#8221; use_zoom_on_hover=&#8221;on&#8221; columns_tablet=&#8221;4&#8243; columns_phone=&#8221;2&#8243; columns_last_edited=&#8221;on|phone&#8221; _builder_version=&#8221;4.27.4&#8243; _module_preset=&#8221;default&#8221; global_colors_info=&#8221;{}&#8221; theme_builder_area=&#8221;post_content&#8221; hover_enabled=&#8221;0&#8243; sticky_enabled=&#8221;0&#8243; gallery_ids=&#8221;445,437,447,449,451,453&#8243;][\/dsm_masonry_gallery][\/et_pb_column][\/et_pb_row][\/et_pb_section]<\/p>\n","protected":false},"excerpt":{"rendered":"<p>GHI-DAD zamka za metkeDAD zamka za punjenje i pra\u017enjenje metaka je prijenosni ure\u0111aj, koji zahtijeva malo mjesta, a pogodan je za provjeru jesu li pi\u0161tolji ili pu\u0161ke napunjeni, uz odgovaraju\u0107e pridr\u017eavanje pravila upravljanja oru\u017ejem.Kalibri kojima smo testirali izdr\u017eljivostDAD Bullet trap: \u2022 7,65*17 mm pi\u0161tolj Browing R78 \u2022 pi\u0161tolj 9*18 mm PA 63 \u2022 pi\u0161tolj 9*19 mm 96M P9RC \u2022 Pu\u0161ka 43 M AMD-65 7,62 * 39 mm \u2022 43 M AMP-69 pu\u0161ka 7,62 * 39 mm \u2022 5,56\u00d745 mm NATO pu\u0161ka \u2022 .223 Remington pu\u0161ka \u2022 7,62&#215;51 mm NATO pu\u0161ka \u2022 .308 Winchester pu\u0161ka \u2022 12\/70 sa\u010dmarica Mossberg 500DAD ure\u0111aj radi poput vrtlog bubnja, upija nezdrave, ne\u017eeljene i okoli\u0161no \u0161tetne \u010dimbenike pucnjave. Osloba\u0111a i korisnika oru\u017eja i njegovu okolinu od \u0161tetnih u\u010dinaka hica osim ne\u0161to slu\u010dajne pra\u0161ine od baruta. Zamka tipa DAD funkcionira kao mobilna oprema u okru\u017eenju posebnih skupina i postrojbi na siguran na\u010din, uz po\u0161tivanje pravila uporabe oru\u017eja. Oprema se mo\u017ee koristiti u razli\u010ditim podru\u010djima kao \u0161to su oru\u017eane snage, tijela za provo\u0111enje zakona, sigurnosna tijela, poligoni i njihovi razli\u010diti dijelovi, financijske institucije, slu\u017ebeni laboratoriji itd. za deaktiviranje \u0161tetnih \u010dimbenika pucanja. DAD zamka za metke sposobna je provjeriti klirens do 5000 cijevi energije Joule oru\u017eja. Galerija<div class=\"et_pb_module dsm_masonry_gallery dsm_masonry_gallery_0\">\n\t\t\t\t\n\t\t\t\t\n\t\t\t\t\n\t\t\t\t\n\t\t\t\t\n\t\t\t\t\n\t\t\t\t<div class=\"et_pb_module_inner\">\n\t\t\t\t\t<div class=\"dsm-gallery grid\" data-lightbox=\"false\" data-horizontalorder=\"true\">\n                <div class=\"grid-sizer\"><\/div><div class=\"gutter-sizer\"><\/div><div class=\"grid-item\">\n                    <div class=\"et_pb_image_wrap\">\n                        <img loading=\"lazy\" decoding=\"async\" src=\"https:\/\/fortis-defense.com\/wp-content\/uploads\/2025\/01\/rbg-6-fortis-defense.jpg\" title=\"rbg-6-fortis-defense\" alt=\"\" class=\"\" srcset=\"https:\/\/fortis-defense.com\/wp-content\/uploads\/2025\/01\/rbg-6-fortis-defense.jpg 640w, https:\/\/fortis-defense.com\/wp-content\/uploads\/2025\/01\/rbg-6-fortis-defense-480x480.jpg 480w\" sizes=\"(min-width: 0px) and (max-width: 480px) 480px, (min-width: 481px) 640px, 100vw\" width=\"640\" height=\"640\" \/>\n                        \n                    <\/div>\n                <\/div><div class=\"grid-item\">\n                    <div class=\"et_pb_image_wrap\">\n                        <img loading=\"lazy\" decoding=\"async\" src=\"https:\/\/fortis-defense.com\/wp-content\/uploads\/2025\/01\/rbg-6-fortis-defense.jpg\" title=\"rbg-6-fortis-defense\" alt=\"\" class=\"\" srcset=\"https:\/\/fortis-defense.com\/wp-content\/uploads\/2025\/01\/rbg-6-fortis-defense.jpg 640w, https:\/\/fortis-defense.com\/wp-content\/uploads\/2025\/01\/rbg-6-fortis-defense-480x480.jpg 480w\" sizes=\"(min-width: 0px) and (max-width: 480px) 480px, (min-width: 481px) 640px, 100vw\" width=\"640\" height=\"640\" \/>\n                        \n                    <\/div>\n                <\/div><div class=\"grid-item\">\n                    <div class=\"et_pb_image_wrap\">\n                        <img loading=\"lazy\" decoding=\"async\" src=\"https:\/\/fortis-defense.com\/wp-content\/uploads\/2025\/01\/fortis-logotip-bijeli.png\" title=\"fortis logotip bijeli\" alt=\"\" class=\"\" srcset=\"https:\/\/fortis-defense.com\/wp-content\/uploads\/2025\/01\/fortis-logotip-bijeli.png 2614w, https:\/\/fortis-defense.com\/wp-content\/uploads\/2025\/01\/fortis-logotip-bijeli-1280x388.png 1280w, https:\/\/fortis-defense.com\/wp-content\/uploads\/2025\/01\/fortis-logotip-bijeli-980x297.png 980w, https:\/\/fortis-defense.com\/wp-content\/uploads\/2025\/01\/fortis-logotip-bijeli-480x146.png 480w\" sizes=\"(min-width: 0px) and (max-width: 480px) 480px, (min-width: 481px) and (max-width: 980px) 980px, (min-width: 981px) and (max-width: 1280px) 1280px, (min-width: 1281px) 2614px, 100vw\" width=\"2614\" height=\"793\" \/>\n                        \n                    <\/div>\n                <\/div><div class=\"grid-item\">\n                    <div class=\"et_pb_image_wrap\">\n                        <img loading=\"lazy\" decoding=\"async\" src=\"https:\/\/fortis-defense.com\/wp-content\/uploads\/2025\/01\/fortis-logotip-bijeli.png\" title=\"fortis logotip bijeli\" alt=\"\" class=\"\" srcset=\"https:\/\/fortis-defense.com\/wp-content\/uploads\/2025\/01\/fortis-logotip-bijeli.png 2614w, https:\/\/fortis-defense.com\/wp-content\/uploads\/2025\/01\/fortis-logotip-bijeli-1280x388.png 1280w, https:\/\/fortis-defense.com\/wp-content\/uploads\/2025\/01\/fortis-logotip-bijeli-980x297.png 980w, https:\/\/fortis-defense.com\/wp-content\/uploads\/2025\/01\/fortis-logotip-bijeli-480x146.png 480w\" sizes=\"(min-width: 0px) and (max-width: 480px) 480px, (min-width: 481px) and (max-width: 980px) 980px, (min-width: 981px) and (max-width: 1280px) 1280px, (min-width: 1281px) 2614px, 100vw\" width=\"2614\" height=\"793\" \/>\n                        \n                    <\/div>\n                <\/div><div class=\"grid-item\">\n                    <div class=\"et_pb_image_wrap\">\n                        <img loading=\"lazy\" decoding=\"async\" src=\"https:\/\/fortis-defense.com\/wp-content\/uploads\/2025\/01\/fortis-logotip.png\" title=\"fortis logotip\" alt=\"\" class=\"\" srcset=\"https:\/\/fortis-defense.com\/wp-content\/uploads\/2025\/01\/fortis-logotip.png 2614w, https:\/\/fortis-defense.com\/wp-content\/uploads\/2025\/01\/fortis-logotip-1280x388.png 1280w, https:\/\/fortis-defense.com\/wp-content\/uploads\/2025\/01\/fortis-logotip-980x297.png 980w, https:\/\/fortis-defense.com\/wp-content\/uploads\/2025\/01\/fortis-logotip-480x146.png 480w\" sizes=\"(min-width: 0px) and (max-width: 480px) 480px, (min-width: 481px) and (max-width: 980px) 980px, (min-width: 981px) and (max-width: 1280px) 1280px, (min-width: 1281px) 2614px, 100vw\" width=\"2614\" height=\"793\" \/>\n                        \n                    <\/div>\n                <\/div>\n             <\/div>\n\t\t\t\t<\/div>\n\t\t\t<\/div><\/p>\n","protected":false},"author":1,"featured_media":0,"parent":0,"menu_order":0,"comment_status":"closed","ping_status":"closed","template":"","meta":{"_et_pb_use_builder":"on","_et_pb_old_content":"","_et_gb_content_width":"","footnotes":""},"class_list":["post-468","page","type-page","status-publish","hentry"],"_links":{"self":[{"href":"https:\/\/fortis-defense.com\/hr\/wp-json\/wp\/v2\/pages\/468","targetHints":{"allow":["GET"]}}],"collection":[{"href":"https:\/\/fortis-defense.com\/hr\/wp-json\/wp\/v2\/pages"}],"about":[{"href":"https:\/\/fortis-defense.com\/hr\/wp-json\/wp\/v2\/types\/page"}],"author":[{"embeddable":true,"href":"https:\/\/fortis-defense.com\/hr\/wp-json\/wp\/v2\/users\/1"}],"replies":[{"embeddable":true,"href":"https:\/\/fortis-defense.com\/hr\/wp-json\/wp\/v2\/comments?post=468"}],"version-history":[{"count":2,"href":"https:\/\/fortis-defense.com\/hr\/wp-json\/wp\/v2\/pages\/468\/revisions"}],"predecessor-version":[{"id":470,"href":"https:\/\/fortis-defense.com\/hr\/wp-json\/wp\/v2\/pages\/468\/revisions\/470"}],"wp:attachment":[{"href":"https:\/\/fortis-defense.com\/hr\/wp-json\/wp\/v2\/media?parent=468"}],"curies":[{"name":"wp","href":"https:\/\/api.w.org\/{rel}","templated":true}]}}