{"id":322,"date":"2025-01-17T08:30:59","date_gmt":"2025-01-17T08:30:59","guid":{"rendered":"https:\/\/fortis-defense.com\/politika-privatnosti\/"},"modified":"2025-02-12T09:40:05","modified_gmt":"2025-02-12T09:40:05","slug":"politika-privatnosti","status":"publish","type":"page","link":"https:\/\/fortis-defense.com\/hr\/politika-privatnosti\/","title":{"rendered":"Politika privatnosti"},"content":{"rendered":"<p>[et_pb_section fb_built=&#8221;1&#8243; admin_label=&#8221;section&#8221; _builder_version=&#8221;4.16&#8243; global_colors_info=&#8221;{}&#8221;][et_pb_row admin_label=&#8221;row&#8221; _builder_version=&#8221;4.16&#8243; background_size=&#8221;initial&#8221; background_position=&#8221;top_left&#8221; background_repeat=&#8221;repeat&#8221; global_colors_info=&#8221;{}&#8221;][et_pb_column type=&#8221;4_4&#8243; _builder_version=&#8221;4.16&#8243; custom_padding=&#8221;|||&#8221; global_colors_info=&#8221;{}&#8221; custom_padding__hover=&#8221;|||&#8221;][et_pb_text admin_label=&#8221;Text&#8221; _builder_version=&#8221;4.27.4&#8243; background_size=&#8221;initial&#8221; background_position=&#8221;top_left&#8221; background_repeat=&#8221;repeat&#8221; hover_enabled=&#8221;0&#8243; global_colors_info=&#8221;{}&#8221; header_3_font=&#8221;Roboto Condensed||||||||&#8221; text_font=&#8221;Roboto||||||||&#8221; text_font_size=&#8221;16px&#8221; sticky_enabled=&#8221;0&#8243;]<\/p>\n<p>\n<\/p>\n<h3 class=\"wp-block-heading\" data-pm-slice=\"1 1 []\"><span><strong>Politika privatnosti<\/strong><\/span><\/h3>\n<p><span>Datum stupanja na snagu: 12.02.2025.<\/span><\/p>\n<p><span><strong>1. Uvod<\/strong><\/span><\/p>\n<p><span>Dobrodo\u0161li na fortis-defense.com (&#8220;web stranica&#8221;). Ova Pravila o privatnosti obja\u0161njavaju kako FORTIS INVEST doo (&#8220;Tvrtka&#8221;, &#8220;mi&#8221;, &#8220;nas&#8221; ili &#8220;na\u0161&#8221;) prikuplja, koristi, otkriva i \u0161titi va\u0161e osobne podatke kada koristite na\u0161u web stranicu. <\/span><\/p>\n<p><span><strong>2. Informacije koje prikupljamo<\/strong><\/span><\/p>\n<p><span>Mo\u017eemo prikupljati i obra\u0111ivati \u200b\u200bsljede\u0107e vrste osobnih podataka:<\/span><\/p>\n<ul data-spread=\"false\">\n<li><span><strong>Osobni identifikacijski podaci<\/strong><\/span> <span>: ime, adresa e-po\u0161te, telefonski broj i drugi detalji za kontakt.<\/span><\/li>\n<li><span><strong>Tehni\u010dke informacije<\/strong><\/span> <span>: IP adresa, vrsta preglednika, operativni sustav i drugi povezani podaci.<\/span><\/li>\n<li><span><strong>Podaci o kori\u0161tenju<\/strong><\/span> <span>: Podaci o tome kako koristite na\u0161u web stranicu, uklju\u010duju\u0107i posje\u0107ene stranice i interakcije.<\/span><\/li>\n<li><span><strong>Komunikacijski podaci<\/strong><\/span> <span>: Sve informacije koje navedete kada nas kontaktirate.<\/span><\/li>\n<\/ul>\n<p><span><strong>3. Kako koristimo va\u0161e podatke<\/strong><\/span><\/p>\n<p><span>Prikupljene podatke koristimo u sljede\u0107e svrhe:<\/span><\/p>\n<ul data-spread=\"false\">\n<li><span>Za pru\u017eanje i pobolj\u0161anje na\u0161e web stranice i usluga.<\/span><\/li>\n<li><span>Za odgovaranje na upite i komunikaciju s korisnicima.<\/span><\/li>\n<li><span>Za po\u0161tivanje zakonskih obveza i provo\u0111enje na\u0161ih pravila.<\/span><\/li>\n<li><span>Za analizu performansi web stranice i pobolj\u0161anje korisni\u010dkog iskustva.<\/span><\/li>\n<li><span>Za slanje promotivnih i marketin\u0161kih komunikacija (gdje je primjenjivo i na koje ste pristali).<\/span><\/li>\n<\/ul>\n<p><span><strong>4. Pravna osnova za obradu<\/strong><\/span><\/p>\n<p><span>Osobne podatke obra\u0111ujemo na temelju:<\/span><\/p>\n<ul data-spread=\"false\">\n<li><span><strong>Va\u0161 pristanak<\/strong><\/span> <span>: kada date pristanak za odre\u0111ene upotrebe.<\/span><\/li>\n<li><span><strong>Ugovorna nu\u017enost<\/strong><\/span> <span>: Ispunjavanje ugovora s vama.<\/span><\/li>\n<li><span><strong>Pravne obveze<\/strong><\/span> <span>: Uskla\u0111enost s primjenjivim zakonima i propisima.<\/span><\/li>\n<li><span><strong>Legitimni interesi<\/strong><\/span> <span>: Pobolj\u0161anje na\u0161e web stranice, sprje\u010davanje prijevare i osiguranje na\u0161ih usluga.<\/span><\/li>\n<\/ul>\n<p><span><strong>5. Dijeljenje va\u0161ih podataka<\/strong><\/span><\/p>\n<p><span>Va\u0161e osobne podatke ne prodajemo niti iznajmljujemo. Me\u0111utim, mo\u017eemo dijeliti informacije sa: <\/span><\/p>\n<ul data-spread=\"false\">\n<li><span><strong>Pru\u017eatelji usluga<\/strong><\/span> <span>: tre\u0107e strane koje poma\u017eu u radu i analizi web stranice.<\/span><\/li>\n<li><span><strong>Pravna tijela<\/strong><\/span> <span>: Ako to zahtijeva zakon ili radi za\u0161tite na\u0161ih prava.<\/span><\/li>\n<li><span><strong>Poslovni prijenosi<\/strong><\/span> <span>: U slu\u010daju spajanja, prodaje ili akvizicije.<\/span><\/li>\n<\/ul>\n<p><span><strong>6. Sigurnost podataka<\/strong><\/span><\/p>\n<p><span>Provodimo odgovaraju\u0107e sigurnosne mjere kako bismo za\u0161titili va\u0161e osobne podatke. Me\u0111utim, nijedna metoda prijenosa putem interneta nije potpuno sigurna i ne mo\u017eemo jam\u010diti apsolutnu sigurnost. <\/span><\/p>\n<p><span><strong>7. Va\u0161a prava<\/strong><\/span><\/p>\n<p><span>Imate sljede\u0107a prava u vezi s Va\u0161im osobnim podacima:<\/span><\/p>\n<ul data-spread=\"false\">\n<li><span><strong>Pristup i ispravak<\/strong><\/span> <span>: Zatra\u017eite pristup ili ispravak svojih podataka.<\/span><\/li>\n<li><span><strong>Brisanje<\/strong><\/span> <span>: Zatra\u017eite brisanje svojih osobnih podataka, u skladu sa zakonskim obvezama.<\/span><\/li>\n<li><span><strong>Prigovor i ograni\u010denje<\/strong><\/span> <span>: Ulo\u017eite prigovor ili zatra\u017eite ograni\u010denje obrade podataka.<\/span><\/li>\n<li><span><strong>Prenosivost podataka<\/strong><\/span> <span>: Zatra\u017eite kopiju svojih podataka u strukturiranom formatu.<\/span><\/li>\n<li><span><strong>Povuci privolu<\/strong><\/span> <span>: Povucite prethodno danu privolu u bilo kojem trenutku.<\/span><\/li>\n<\/ul>\n<p><span><strong>8. Veze tre\u0107ih strana<\/strong><\/span><\/p>\n<p><span>Na\u0161a web stranica mo\u017ee sadr\u017eavati poveznice na vanjske stranice. Nismo odgovorni za njihova pravila privatnosti i poti\u010demo vas da pregledate njihove uvjete prije davanja osobnih podataka. <\/span><\/p>\n<p><span><strong>9. Promjene ove Politike privatnosti<\/strong><\/span><\/p>\n<p><span>Povremeno mo\u017eemo a\u017eurirati ovu Politiku privatnosti. Promjene \u0107e biti objavljene na ovoj stranici i poti\u010demo vas da je redovito pregledavate. <\/span><\/p>\n<p><span><strong>10. Kontaktirajte nas<\/strong><\/span><\/p>\n<p><span>Ako imate bilo kakvih pitanja o ovim Pravilima privatnosti, obratite nam se na:<\/span><\/p>\n<p><span>FORTIS INVEST doo<\/span><br> <span>Maruli\u0107eva ulica &#8211; Via Marko Maruli\u0107 3, 52100, Pula, Hrvatska<\/span><br> <span>E-po\u0161ta: info@fortis-defense.com<\/span><\/p>\n<p><span>Kori\u0161tenjem na\u0161e web stranice potvr\u0111ujete da ste pro\u010ditali i razumjeli ovu Politiku privatnosti.<\/span><\/p>\n<p><\/p>\n<p>[\/et_pb_text][\/et_pb_column][\/et_pb_row][\/et_pb_section]<\/p>\n","protected":false},"excerpt":{"rendered":"<p>Politika privatnosti Datum stupanja na snagu: 12.02.2025. 1. Uvod Dobrodo\u0161li na fortis-defense.com (&#8220;web stranica&#8221;). Ova Pravila o privatnosti obja\u0161njavaju kako FORTIS INVEST doo (&#8220;Tvrtka&#8221;, &#8220;mi&#8221;, &#8220;nas&#8221; ili &#8220;na\u0161&#8221;) prikuplja, koristi, otkriva i \u0161titi va\u0161e osobne podatke kada koristite na\u0161u web stranicu. 2. Informacije koje prikupljamo Mo\u017eemo prikupljati i obra\u0111ivati \u200b\u200bsljede\u0107e vrste osobnih podataka: Osobni identifikacijski podaci : ime, adresa e-po\u0161te, telefonski broj i drugi detalji za kontakt. Tehni\u010dke informacije : IP adresa, vrsta preglednika, operativni sustav i drugi povezani podaci. Podaci o kori\u0161tenju : Podaci o tome kako koristite na\u0161u web stranicu, uklju\u010duju\u0107i posje\u0107ene stranice i interakcije. Komunikacijski podaci : Sve informacije koje navedete kada nas kontaktirate. 3. Kako koristimo va\u0161e podatke Prikupljene podatke koristimo u sljede\u0107e svrhe: Za pru\u017eanje i pobolj\u0161anje na\u0161e web stranice i usluga. Za odgovaranje na upite i komunikaciju s korisnicima. Za po\u0161tivanje zakonskih obveza i provo\u0111enje na\u0161ih pravila. Za analizu performansi web stranice i pobolj\u0161anje korisni\u010dkog iskustva. Za slanje promotivnih i marketin\u0161kih komunikacija (gdje je primjenjivo i na koje ste pristali). 4. Pravna osnova za obradu Osobne podatke obra\u0111ujemo na temelju: Va\u0161 pristanak : kada date pristanak za odre\u0111ene upotrebe. Ugovorna nu\u017enost : Ispunjavanje ugovora s vama. Pravne obveze : Uskla\u0111enost s primjenjivim zakonima i [&hellip;]<\/p>\n","protected":false},"author":1,"featured_media":0,"parent":0,"menu_order":0,"comment_status":"closed","ping_status":"open","template":"","meta":{"_et_pb_use_builder":"on","_et_pb_old_content":"","_et_gb_content_width":"","footnotes":""},"class_list":["post-322","page","type-page","status-publish","hentry"],"_links":{"self":[{"href":"https:\/\/fortis-defense.com\/hr\/wp-json\/wp\/v2\/pages\/322","targetHints":{"allow":["GET"]}}],"collection":[{"href":"https:\/\/fortis-defense.com\/hr\/wp-json\/wp\/v2\/pages"}],"about":[{"href":"https:\/\/fortis-defense.com\/hr\/wp-json\/wp\/v2\/types\/page"}],"author":[{"embeddable":true,"href":"https:\/\/fortis-defense.com\/hr\/wp-json\/wp\/v2\/users\/1"}],"replies":[{"embeddable":true,"href":"https:\/\/fortis-defense.com\/hr\/wp-json\/wp\/v2\/comments?post=322"}],"version-history":[{"count":1,"href":"https:\/\/fortis-defense.com\/hr\/wp-json\/wp\/v2\/pages\/322\/revisions"}],"predecessor-version":[{"id":323,"href":"https:\/\/fortis-defense.com\/hr\/wp-json\/wp\/v2\/pages\/322\/revisions\/323"}],"wp:attachment":[{"href":"https:\/\/fortis-defense.com\/hr\/wp-json\/wp\/v2\/media?parent=322"}],"curies":[{"name":"wp","href":"https:\/\/api.w.org\/{rel}","templated":true}]}}