{"id":320,"date":"2025-02-12T08:50:03","date_gmt":"2025-02-12T08:50:03","guid":{"rendered":"https:\/\/fortis-defense.com\/kolacici\/"},"modified":"2025-02-12T08:50:03","modified_gmt":"2025-02-12T08:50:03","slug":"kolacici","status":"publish","type":"page","link":"https:\/\/fortis-defense.com\/hr\/kolacici\/","title":{"rendered":"Kola\u010di\u0107i"},"content":{"rendered":"<p>[et_pb_section fb_built=&#8221;1&#8243; _builder_version=&#8221;4.27.4&#8243; _module_preset=&#8221;default&#8221; global_colors_info=&#8221;{}&#8221;][et_pb_row _builder_version=&#8221;4.27.4&#8243; _module_preset=&#8221;default&#8221; global_colors_info=&#8221;{}&#8221;][et_pb_column type=&#8221;4_4&#8243; _builder_version=&#8221;4.27.4&#8243; _module_preset=&#8221;default&#8221; global_colors_info=&#8221;{}&#8221;][et_pb_text _builder_version=&#8221;4.27.4&#8243; _module_preset=&#8221;default&#8221; text_font=&#8221;Roboto||||||||&#8221; text_font_size=&#8221;16px&#8221; header_3_font=&#8221;Roboto Condensed||||||||&#8221; hover_enabled=&#8221;0&#8243; global_colors_info=&#8221;{}&#8221; sticky_enabled=&#8221;0&#8243;]<\/p>\n<h3 data-pm-slice=\"1 1 []\"><span><strong>Politika kola\u010di\u0107a<\/strong><\/span><\/h3>\n<p><span>Datum stupanja na snagu: 12.02.2025.<\/span><\/p>\n<p><span><strong>1. Uvod<\/strong><\/span><\/p>\n<p><span>Dobrodo\u0161li na fortis-defense.com (&#8220;web stranica&#8221;). Ova Pravila o kola\u010di\u0107ima obja\u0161njavaju kako FORTIS INVEST doo (&#8220;Tvrtka&#8221;, &#8220;mi&#8221;, &#8220;nas&#8221; ili &#8220;na\u0161&#8221;) koristi kola\u010di\u0107e i sli\u010dne tehnologije da vas prepozna kada posjetite na\u0161u web stranicu. Obja\u0161njava koje su to tehnologije, za\u0161to ih koristimo i va\u0161a prava da kontrolirate njihovu upotrebu.  <\/span><\/p>\n<p><span><strong>2. \u0160to su kola\u010di\u0107i?<\/strong><\/span><\/p>\n<p><span>Kola\u010di\u0107i su male tekstualne datoteke koje se pohranjuju na va\u0161 ure\u0111aj (ra\u010dunalo, tablet ili mobilni telefon) kada posjetite web stranicu. Oni poma\u017eu web stranicama da funkcioniraju u\u010dinkovito i daju informacije o izvje\u0161\u0107ivanju vlasnicima web stranica. <\/span><\/p>\n<p><span><strong>3. Kako koristimo kola\u010di\u0107e<\/strong><\/span><\/p>\n<p><span>Koristimo kola\u010di\u0107e kako bismo pobolj\u0161ali va\u0161e iskustvo pregledavanja na sljede\u0107i na\u010din:<\/span><\/p>\n<ul data-spread=\"false\">\n<li><span>Osiguravanje ispravnog funkcioniranja web stranice<\/span><\/li>\n<li><span>Analiza prometa i izvedbe web stranice<\/span><\/li>\n<li><span>Pam\u0107enje va\u0161ih preferencija i postavki<\/span><\/li>\n<li><span>Pobolj\u0161anje sigurnosnih mjera<\/span><\/li>\n<li><span>Pru\u017eanje relevantnog ogla\u0161avanja (gdje je primjenjivo)<\/span><\/li>\n<\/ul>\n<p><span><strong>4. Vrste kola\u010di\u0107a koje koristimo<\/strong><\/span><\/p>\n<ul data-spread=\"false\">\n<li><span><strong>Osnovni kola\u010di\u0107i<\/strong><\/span><span>: Neophodno za rad na\u0161e web stranice. Bez ovih kola\u010di\u0107a odre\u0111ene usluge mo\u017eda ne\u0107e biti dostupne. <\/span><\/li>\n<li><span><strong>Kola\u010di\u0107i za rad<\/strong><\/span> <span>: prikupljaju informacije o tome kako posjetitelji koriste na\u0161u web stranicu, poma\u017eu\u0107i nam da pobolj\u0161amo funkcionalnost.<\/span><\/li>\n<li><span><strong>Funkcionalni kola\u010di\u0107i<\/strong><\/span> <span>: pamte korisni\u010dke preferencije za pru\u017eanje osobnijeg iskustva.<\/span><\/li>\n<li><span><strong>Marketin\u0161ki kola\u010di\u0107i<\/strong><\/span> <span>: koriste se za pra\u0107enje posjetitelja na web-mjestima za prikaz relevantnih oglasa.<\/span><\/li>\n<\/ul>\n<p><span><strong>5. Upravljanje kola\u010di\u0107ima<\/strong><\/span><\/p>\n<p><span>Imate pravo prihvatiti ili odbiti kola\u010di\u0107e. Ve\u0107ina web preglednika omogu\u0107uje vam kontrolu kola\u010di\u0107a putem njihovih postavki. Mo\u017eete konfigurirati svoj preglednik za:  <\/span><\/p>\n<ul data-spread=\"false\">\n<li><span>Blokiraj sve kola\u010di\u0107e<\/span><\/li>\n<li><span>Prihvatite samo odre\u0111ene vrste kola\u010di\u0107a<\/span><\/li>\n<li><span>Obavijestiti vas kada se kola\u010di\u0107 postavi na va\u0161 ure\u0111aj<\/span><\/li>\n<\/ul>\n<p><span>Ako odlu\u010dite onemogu\u0107iti kola\u010di\u0107e, neki dijelovi na\u0161e web stranice mo\u017eda ne\u0107e ispravno funkcionirati.<\/span><\/p>\n<p><span><strong>6. Kola\u010di\u0107i tre\u0107e strane<\/strong><\/span><\/p>\n<p><span>Neki sadr\u017eaj ili aplikacije na na\u0161oj web stranici mogu biti osigurane od strane tre\u0107ih strana, kao \u0161to su usluge analitike i ogla\u0161iva\u010di. Te tre\u0107e strane mogu koristiti kola\u010di\u0107e za prikupljanje informacija o va\u0161im mre\u017enim aktivnostima. Ne kontroliramo ove kola\u010di\u0107e tre\u0107ih strana, stoga preporu\u010dujemo da pregledate njihova pravila privatnosti za vi\u0161e pojedinosti.  <\/span><\/p>\n<p><span><strong>7. Promjene ovih Pravila o kola\u010di\u0107ima<\/strong><\/span><\/p>\n<p><span>S vremena na vrijeme mo\u017eemo a\u017eurirati ovu Politiku kola\u010di\u0107a kako bismo odra\u017eavali promjene u na\u0161im praksama ili pravnim zahtjevima. Poti\u010demo vas da povremeno pregledate ovu stranicu. <\/span><\/p>\n<p><span><strong>8. Kontaktirajte nas<\/strong><\/span><\/p>\n<p><span>Ako imate bilo kakvih pitanja o na\u0161em kori\u0161tenju kola\u010di\u0107a, kontaktirajte nas na:<\/span><\/p>\n<p><span>FORTIS INVEST doo<\/span><br \/> <span>Maruli\u0107eva ulica &#8211; Via Marko Maruli\u0107 3, 52100, Pula, Hrvatska<\/span><br \/> <span>E-po\u0161ta: info@fortis-defense.com<\/span><\/p>\n<p><span>Daljnjim kori\u0161tenjem na\u0161e web stranice pristajete na na\u0161u upotrebu kola\u010di\u0107a kako je opisano u ovim Pravilima o kola\u010di\u0107ima.<\/span><\/p>\n<p>[\/et_pb_text][\/et_pb_column][\/et_pb_row][\/et_pb_section]<\/p>\n","protected":false},"excerpt":{"rendered":"<p>Politika kola\u010di\u0107a Datum stupanja na snagu: 12.02.2025. 1. Uvod Dobrodo\u0161li na fortis-defense.com (&#8220;web stranica&#8221;). Ova Pravila o kola\u010di\u0107ima obja\u0161njavaju kako FORTIS INVEST doo (&#8220;Tvrtka&#8221;, &#8220;mi&#8221;, &#8220;nas&#8221; ili &#8220;na\u0161&#8221;) koristi kola\u010di\u0107e i sli\u010dne tehnologije da vas prepozna kada posjetite na\u0161u web stranicu. Obja\u0161njava koje su to tehnologije, za\u0161to ih koristimo i va\u0161a prava da kontrolirate njihovu upotrebu. 2. \u0160to su kola\u010di\u0107i? Kola\u010di\u0107i su male tekstualne datoteke koje se pohranjuju na va\u0161 ure\u0111aj (ra\u010dunalo, tablet ili mobilni telefon) kada posjetite web stranicu. Oni poma\u017eu web stranicama da funkcioniraju u\u010dinkovito i daju informacije o izvje\u0161\u0107ivanju vlasnicima web stranica. 3. Kako koristimo kola\u010di\u0107e Koristimo kola\u010di\u0107e kako bismo pobolj\u0161ali va\u0161e iskustvo pregledavanja na sljede\u0107i na\u010din: Osiguravanje ispravnog funkcioniranja web stranice Analiza prometa i izvedbe web stranice Pam\u0107enje va\u0161ih preferencija i postavki Pobolj\u0161anje sigurnosnih mjera Pru\u017eanje relevantnog ogla\u0161avanja (gdje je primjenjivo) 4. Vrste kola\u010di\u0107a koje koristimo Osnovni kola\u010di\u0107i: Neophodno za rad na\u0161e web stranice. Bez ovih kola\u010di\u0107a odre\u0111ene usluge mo\u017eda ne\u0107e biti dostupne. Kola\u010di\u0107i za rad : prikupljaju informacije o tome kako posjetitelji koriste na\u0161u web stranicu, poma\u017eu\u0107i nam da pobolj\u0161amo funkcionalnost. Funkcionalni kola\u010di\u0107i : pamte korisni\u010dke preferencije za pru\u017eanje osobnijeg iskustva. Marketin\u0161ki kola\u010di\u0107i : koriste se za pra\u0107enje posjetitelja na web-mjestima za prikaz relevantnih oglasa. [&hellip;]<\/p>\n","protected":false},"author":1,"featured_media":0,"parent":0,"menu_order":0,"comment_status":"closed","ping_status":"closed","template":"","meta":{"_et_pb_use_builder":"on","_et_pb_old_content":"","_et_gb_content_width":"","footnotes":""},"class_list":["post-320","page","type-page","status-publish","hentry"],"_links":{"self":[{"href":"https:\/\/fortis-defense.com\/hr\/wp-json\/wp\/v2\/pages\/320","targetHints":{"allow":["GET"]}}],"collection":[{"href":"https:\/\/fortis-defense.com\/hr\/wp-json\/wp\/v2\/pages"}],"about":[{"href":"https:\/\/fortis-defense.com\/hr\/wp-json\/wp\/v2\/types\/page"}],"author":[{"embeddable":true,"href":"https:\/\/fortis-defense.com\/hr\/wp-json\/wp\/v2\/users\/1"}],"replies":[{"embeddable":true,"href":"https:\/\/fortis-defense.com\/hr\/wp-json\/wp\/v2\/comments?post=320"}],"version-history":[{"count":0,"href":"https:\/\/fortis-defense.com\/hr\/wp-json\/wp\/v2\/pages\/320\/revisions"}],"wp:attachment":[{"href":"https:\/\/fortis-defense.com\/hr\/wp-json\/wp\/v2\/media?parent=320"}],"curies":[{"name":"wp","href":"https:\/\/api.w.org\/{rel}","templated":true}]}}