{"id":273,"date":"2025-01-17T09:17:08","date_gmt":"2025-01-17T09:17:08","guid":{"rendered":"https:\/\/fortis-defense.com\/o-nama\/"},"modified":"2025-01-17T09:17:08","modified_gmt":"2025-01-17T09:17:08","slug":"o-nama","status":"publish","type":"page","link":"https:\/\/fortis-defense.com\/hr\/o-nama\/","title":{"rendered":"O nama"},"content":{"rendered":"<p>[et_pb_section fb_built=&#8221;1&#8243; _builder_version=&#8221;4.27.4&#8243; _module_preset=&#8221;default&#8221; global_colors_info=&#8221;{}&#8221;][et_pb_row column_structure=&#8221;1_2,1_2&#8243; use_custom_gutter=&#8221;on&#8221; make_equal=&#8221;on&#8221; _builder_version=&#8221;4.27.4&#8243; _module_preset=&#8221;default&#8221; width=&#8221;90%&#8221; max_width=&#8221;1300px&#8221; custom_padding=&#8221;20px||20px||true|false&#8221; global_colors_info=&#8221;{}&#8221;][et_pb_column type=&#8221;1_2&#8243; _builder_version=&#8221;4.27.4&#8243; _module_preset=&#8221;default&#8221; global_colors_info=&#8221;{}&#8221;][et_pb_text _builder_version=&#8221;4.27.4&#8243; _module_preset=&#8221;default&#8221; text_font=&#8221;Roboto||||||||&#8221; text_font_size=&#8221;16px&#8221; text_line_height=&#8221;1.8em&#8221; header_3_font=&#8221;Roboto Condensed|||on|||||&#8221; header_3_font_size=&#8221;30px&#8221; custom_margin=&#8221;||15px|||&#8221; hover_enabled=&#8221;0&#8243; text_font_size_tablet=&#8221;16px&#8221; text_font_size_phone=&#8221;14px&#8221; text_font_size_last_edited=&#8221;on|phone&#8221; global_colors_info=&#8221;{}&#8221; sticky_enabled=&#8221;0&#8243;]<\/p>\n<h3><b>O nama:<\/b><\/h3>\n<p>Dobrodo\u0161li u Fortis Defense, tvrtku od povjerenja specijaliziranu za uvoz i izvoz obrambenih proizvoda. Nudimo visokokvalitetno, pouzdano oru\u017eje i obrambene sustave dizajnirane da zadovolje sigurnosne potrebe nacija \u0161irom svijeta. <\/p>\n<p>Na\u0161a misija je jednostavna: isporu\u010diti napredna, u\u010dinkovita rje\u0161enja koja pove\u0107avaju sigurnost i za\u0161titu. Uz jake industrijske veze, nudimo \u0161irok raspon oru\u017eja i vojne opreme.   <\/p>\n<p><span>Ako su vam potrebni proizvodi koji nisu navedeni na na\u0161oj web stranici, mo\u017eemo vam ih nabaviti i osigurati.<\/span><\/p>\n<p>U Fortis Defenseu predani smo izgradnji sna\u017enih partnerstava i pru\u017eanju prilago\u0111enih rje\u0161enja za podr\u0161ku obrani nacija. Zajedno radimo prema sigurnijoj i sigurnijoj budu\u0107nosti. <\/p>\n<p>[\/et_pb_text][et_pb_text _builder_version=&#8221;4.27.4&#8243; _module_preset=&#8221;default&#8221; text_font=&#8221;Roboto||||||||&#8221; text_font_size=&#8221;16px&#8221; text_line_height=&#8221;1.8em&#8221; header_3_font=&#8221;Roboto Condensed|||on|||||&#8221; header_3_font_size=&#8221;30px&#8221; text_font_size_tablet=&#8221;16px&#8221; text_font_size_phone=&#8221;14px&#8221; text_font_size_last_edited=&#8221;on|phone&#8221; global_colors_info=&#8221;{}&#8221;]<\/p>\n<p><span>Tvrtka FORTIS INVEST doo iz Pule, Maruli\u0107eva 3, OIB: 19904772237, mati\u010dni broj: 5389437, upisuje se u Registar izvoznika i uvoznika robe vojne namjene i nevojnih ubojnih sredstava i dodjeljuje joj se jedinstveni registarski broj OIU 305.<\/span><\/p>\n<p>[\/et_pb_text][\/et_pb_column][et_pb_column type=&#8221;1_2&#8243; _builder_version=&#8221;4.27.4&#8243; _module_preset=&#8221;default&#8221; background_image=&#8221;https:\/\/fortis-defense.com\/wp-content\/uploads\/2025\/01\/fortis-defense-background-image-scaled.jpg&#8221; custom_padding=&#8221;||||false|false&#8221; custom_padding_tablet=&#8221;20%||20%||true|false&#8221; custom_padding_phone=&#8221;30%||30%||true|false&#8221; custom_padding_last_edited=&#8221;on|phone&#8221; global_colors_info=&#8221;{}&#8221;][et_pb_image src=&#8221;https:\/\/fortis-defense.com\/wp-content\/uploads\/2025\/01\/fortis-logotip-bijeli.png&#8221; title_text=&#8221;fortis logotip bijeli&#8221; align=&#8221;center&#8221; _builder_version=&#8221;4.27.4&#8243; _module_preset=&#8221;default&#8221; positioning=&#8221;absolute&#8221; position_origin_a=&#8221;center_center&#8221; width=&#8221;100%&#8221; max_width=&#8221;250px&#8221; custom_padding_tablet=&#8221;||||true|false&#8221; custom_padding_phone=&#8221;||||true|false&#8221; custom_padding_last_edited=&#8221;on|tablet&#8221; animation_style=&#8221;fade&#8221; animation_duration=&#8221;1500ms&#8221; global_colors_info=&#8221;{}&#8221;][\/et_pb_image][\/et_pb_column][\/et_pb_row][\/et_pb_section]<\/p>\n","protected":false},"excerpt":{"rendered":"<p>O nama: Dobrodo\u0161li u Fortis Defense, tvrtku od povjerenja specijaliziranu za uvoz i izvoz obrambenih proizvoda. Nudimo visokokvalitetno, pouzdano oru\u017eje i obrambene sustave dizajnirane da zadovolje sigurnosne potrebe nacija \u0161irom svijeta. Na\u0161a misija je jednostavna: isporu\u010diti napredna, u\u010dinkovita rje\u0161enja koja pove\u0107avaju sigurnost i za\u0161titu. Uz jake industrijske veze, nudimo \u0161irok raspon oru\u017eja i vojne opreme. Ako su vam potrebni proizvodi koji nisu navedeni na na\u0161oj web stranici, mo\u017eemo vam ih nabaviti i osigurati. U Fortis Defenseu predani smo izgradnji sna\u017enih partnerstava i pru\u017eanju prilago\u0111enih rje\u0161enja za podr\u0161ku obrani nacija. Zajedno radimo prema sigurnijoj i sigurnijoj budu\u0107nosti. Tvrtka FORTIS INVEST doo iz Pule, Maruli\u0107eva 3, OIB: 19904772237, mati\u010dni broj: 5389437, upisuje se u Registar izvoznika i uvoznika robe vojne namjene i nevojnih ubojnih sredstava i dodjeljuje joj se jedinstveni registarski broj OIU 305.<\/p>\n","protected":false},"author":1,"featured_media":0,"parent":0,"menu_order":0,"comment_status":"closed","ping_status":"closed","template":"","meta":{"_et_pb_use_builder":"on","_et_pb_old_content":"","_et_gb_content_width":"","footnotes":""},"class_list":["post-273","page","type-page","status-publish","hentry"],"_links":{"self":[{"href":"https:\/\/fortis-defense.com\/hr\/wp-json\/wp\/v2\/pages\/273","targetHints":{"allow":["GET"]}}],"collection":[{"href":"https:\/\/fortis-defense.com\/hr\/wp-json\/wp\/v2\/pages"}],"about":[{"href":"https:\/\/fortis-defense.com\/hr\/wp-json\/wp\/v2\/types\/page"}],"author":[{"embeddable":true,"href":"https:\/\/fortis-defense.com\/hr\/wp-json\/wp\/v2\/users\/1"}],"replies":[{"embeddable":true,"href":"https:\/\/fortis-defense.com\/hr\/wp-json\/wp\/v2\/comments?post=273"}],"version-history":[{"count":0,"href":"https:\/\/fortis-defense.com\/hr\/wp-json\/wp\/v2\/pages\/273\/revisions"}],"wp:attachment":[{"href":"https:\/\/fortis-defense.com\/hr\/wp-json\/wp\/v2\/media?parent=273"}],"curies":[{"name":"wp","href":"https:\/\/api.w.org\/{rel}","templated":true}]}}